{"id":53216,"date":"2026-05-07T23:07:24","date_gmt":"2026-05-07T23:07:24","guid":{"rendered":"https:\/\/ladiperie.com\/promotions\/"},"modified":"2026-05-08T13:12:43","modified_gmt":"2026-05-08T13:12:43","slug":"promotions","status":"publish","type":"page","link":"https:\/\/ladiperie.com\/fr\/promotions\/","title":{"rendered":"Promotions"},"content":{"rendered":"\t\t<div data-elementor-type=\"wp-page\" data-elementor-id=\"53216\" class=\"elementor elementor-53216 elementor-53158\" data-elementor-post-type=\"page\">\n\t\t\t\t<div data-particle_enable=\"false\" data-particle-mobile-disabled=\"false\" class=\"elementor-element elementor-element-b5f77c9 e-flex e-con-boxed e-con e-parent\" data-id=\"b5f77c9\" data-element_type=\"container\" data-e-type=\"container\" data-settings=\"{&quot;background_background&quot;:&quot;classic&quot;,&quot;jet_parallax_layout_list&quot;:[]}\">\n\t\t\t\t\t<div class=\"e-con-inner\">\n\t\t\t\t<div class=\"elementor-element elementor-element-e9b4388 elementor-widget__width-initial elementor-widget elementor-widget-image\" data-id=\"e9b4388\" data-element_type=\"widget\" data-e-type=\"widget\" data-widget_type=\"image.default\">\n\t\t\t\t<div class=\"elementor-widget-container\">\n\t\t\t\t\t\t\t\t\t\t\t\t\t\t\t<img fetchpriority=\"high\" decoding=\"async\" width=\"400\" height=\"400\" src=\"https:\/\/ladiperie.com\/wp-content\/uploads\/2023\/08\/CookieDough-400x400-1.png\" class=\"attachment-full size-full wp-image-42215\" alt=\"\" srcset=\"https:\/\/ladiperie.com\/wp-content\/uploads\/2023\/08\/CookieDough-400x400-1.png 400w, https:\/\/ladiperie.com\/wp-content\/uploads\/2023\/08\/CookieDough-400x400-1-300x300.png 300w, https:\/\/ladiperie.com\/wp-content\/uploads\/2023\/08\/CookieDough-400x400-1-150x150.png 150w\" sizes=\"(max-width: 400px) 100vw, 400px\" \/>\t\t\t\t\t\t\t\t\t\t\t\t\t\t\t<\/div>\n\t\t\t\t<\/div>\n\t\t<div data-particle_enable=\"false\" data-particle-mobile-disabled=\"false\" class=\"elementor-element elementor-element-22266c4 e-con-full e-flex e-con e-child\" data-id=\"22266c4\" data-element_type=\"container\" data-e-type=\"container\" data-settings=\"{&quot;jet_parallax_layout_list&quot;:[]}\">\n\t\t\t\t<div class=\"elementor-element elementor-element-3ec45c8 elementor-widget elementor-widget-heading\" data-id=\"3ec45c8\" data-element_type=\"widget\" data-e-type=\"widget\" data-widget_type=\"heading.default\">\n\t\t\t\t<div class=\"elementor-widget-container\">\n\t\t\t\t\t<h1 class=\"elementor-heading-title elementor-size-default\">promotions<\/h1>\t\t\t\t<\/div>\n\t\t\t\t<\/div>\n\t\t\t\t<div class=\"elementor-element elementor-element-9459cdd elementor-widget elementor-widget-text-editor\" data-id=\"9459cdd\" data-element_type=\"widget\" data-e-type=\"widget\" data-widget_type=\"text-editor.default\">\n\t\t\t\t<div class=\"elementor-widget-container\">\n\t\t\t\t\t\t\t\t\t<p>D\u00e9couvrez nos promotions<\/p>\t\t\t\t\t\t\t\t<\/div>\n\t\t\t\t<\/div>\n\t\t\t\t<\/div>\n\t\t\t\t<div class=\"elementor-element elementor-element-f308a72 elementor-widget__width-initial elementor-hidden-mobile elementor-widget elementor-widget-image\" data-id=\"f308a72\" data-element_type=\"widget\" data-e-type=\"widget\" data-widget_type=\"image.default\">\n\t\t\t\t<div class=\"elementor-widget-container\">\n\t\t\t\t\t\t\t\t\t\t\t\t\t\t\t<img decoding=\"async\" width=\"656\" height=\"819\" data-src=\"https:\/\/ladiperie.com\/wp-content\/uploads\/2023\/08\/The-Greek-islands.png\" class=\"attachment-full size-full wp-image-26332 lazyload\" alt=\"\" data-srcset=\"https:\/\/ladiperie.com\/wp-content\/uploads\/2023\/08\/The-Greek-islands.png 656w, https:\/\/ladiperie.com\/wp-content\/uploads\/2023\/08\/The-Greek-islands-240x300.png 240w\" data-sizes=\"auto\" src=\"data:image\/svg+xml;base64,PHN2ZyB3aWR0aD0iMSIgaGVpZ2h0PSIxIiB4bWxucz0iaHR0cDovL3d3dy53My5vcmcvMjAwMC9zdmciPjwvc3ZnPg==\" style=\"--smush-placeholder-width: 656px; --smush-placeholder-aspect-ratio: 656\/819;\" data-original-sizes=\"(max-width: 656px) 100vw, 656px\" \/>\t\t\t\t\t\t\t\t\t\t\t\t\t\t\t<\/div>\n\t\t\t\t<\/div>\n\t\t\t\t\t<\/div>\n\t\t\t\t<\/div>\n\t\t<div data-particle_enable=\"false\" data-particle-mobile-disabled=\"false\" class=\"elementor-element elementor-element-0f08769 e-con-full e-flex e-con e-parent\" data-id=\"0f08769\" data-element_type=\"container\" data-e-type=\"container\" data-settings=\"{&quot;jet_parallax_layout_list&quot;:[],&quot;background_background&quot;:&quot;classic&quot;}\">\n\t\t<div data-particle_enable=\"false\" data-particle-mobile-disabled=\"false\" class=\"elementor-element elementor-element-b02bc3a e-con-full e-flex e-con e-child\" data-id=\"b02bc3a\" data-element_type=\"container\" data-e-type=\"container\" data-settings=\"{&quot;background_background&quot;:&quot;classic&quot;,&quot;jet_parallax_layout_list&quot;:[]}\">\n\t\t\t\t<div class=\"elementor-element elementor-element-ae05e9e elementor-widget elementor-widget-spacer\" data-id=\"ae05e9e\" data-element_type=\"widget\" data-e-type=\"widget\" data-widget_type=\"spacer.default\">\n\t\t\t\t<div class=\"elementor-widget-container\">\n\t\t\t\t\t\t\t<div class=\"elementor-spacer\">\n\t\t\t<div class=\"elementor-spacer-inner\"><\/div>\n\t\t<\/div>\n\t\t\t\t\t\t<\/div>\n\t\t\t\t<\/div>\n\t\t\t\t<\/div>\n\t\t\t\t<\/div>\n\t\t<div data-particle_enable=\"false\" data-particle-mobile-disabled=\"false\" class=\"elementor-element elementor-element-34b22c6 e-flex e-con-boxed e-con e-parent\" data-id=\"34b22c6\" data-element_type=\"container\" data-e-type=\"container\" data-settings=\"{&quot;jet_parallax_layout_list&quot;:[]}\">\n\t\t\t\t\t<div class=\"e-con-inner\">\n\t\t\t\t<div class=\"elementor-element elementor-element-81adaca elementor-grid-1 elementor-grid-tablet-1 elementor-grid-mobile-1 elementor-widget elementor-widget-loop-grid\" data-id=\"81adaca\" data-element_type=\"widget\" data-e-type=\"widget\" data-settings=\"{&quot;template_id&quot;:53213,&quot;columns&quot;:1,&quot;columns_tablet&quot;:1,&quot;_skin&quot;:&quot;post&quot;,&quot;columns_mobile&quot;:&quot;1&quot;,&quot;edit_handle_selector&quot;:&quot;[data-elementor-type=\\&quot;loop-item\\&quot;]&quot;,&quot;row_gap&quot;:{&quot;unit&quot;:&quot;px&quot;,&quot;size&quot;:&quot;&quot;,&quot;sizes&quot;:[]},&quot;row_gap_tablet&quot;:{&quot;unit&quot;:&quot;px&quot;,&quot;size&quot;:&quot;&quot;,&quot;sizes&quot;:[]},&quot;row_gap_mobile&quot;:{&quot;unit&quot;:&quot;px&quot;,&quot;size&quot;:&quot;&quot;,&quot;sizes&quot;:[]}}\" data-widget_type=\"loop-grid.post\">\n\t\t\t\t<div class=\"elementor-widget-container\">\n\t\t\t\t\t\t\t<div class=\"elementor-loop-container elementor-grid\" role=\"list\">\n\t\t<style id=\"loop-53213\">.elementor-widget-container .eael-protected-content-message{font-family:var( --e-global-typography-secondary-font-family ), Sans-serif;font-weight:var( --e-global-typography-secondary-font-weight );}.elementor-widget-container .protected-content-error-msg{font-family:var( --e-global-typography-secondary-font-family ), Sans-serif;font-weight:var( --e-global-typography-secondary-font-weight );}.elementor-53213 .elementor-element.elementor-element-b0963cf{--display:flex;--flex-direction:row;--container-widget-width:calc( ( 1 - var( --container-widget-flex-grow ) ) * 100% );--container-widget-height:100%;--container-widget-flex-grow:1;--container-widget-align-self:stretch;--flex-wrap-mobile:wrap;--justify-content:space-between;--align-items:center;border-style:solid;--border-style:solid;border-width:1px 1px 1px 1px;--border-top-width:1px;--border-right-width:1px;--border-bottom-width:1px;--border-left-width:1px;border-color:#7DCDC85E;--border-color:#7DCDC85E;--border-radius:10px 10px 10px 10px;--padding-top:5px;--padding-bottom:5px;--padding-left:5px;--padding-right:5px;}.elementor-widget-theme-post-featured-image .widget-image-caption{color:var( --e-global-color-text );font-family:var( --e-global-typography-text-font-family ), Sans-serif;font-weight:var( --e-global-typography-text-font-weight );}.elementor-widget-theme-post-featured-image .eael-protected-content-message{font-family:var( --e-global-typography-secondary-font-family ), Sans-serif;font-weight:var( --e-global-typography-secondary-font-weight );}.elementor-widget-theme-post-featured-image .protected-content-error-msg{font-family:var( --e-global-typography-secondary-font-family ), Sans-serif;font-weight:var( --e-global-typography-secondary-font-weight );}.elementor-53213 .elementor-element.elementor-element-1e21eb2 img{border-radius:5px 5px 5px 5px;}.elementor-53213 .elementor-element.elementor-element-9b52ad8{--display:flex;--padding-top:40px;--padding-bottom:40px;--padding-left:20px;--padding-right:20px;}.elementor-widget-heading .elementor-heading-title{font-family:var( --e-global-typography-primary-font-family ), Sans-serif;font-weight:var( --e-global-typography-primary-font-weight );color:var( --e-global-color-primary );}.elementor-widget-heading .eael-protected-content-message{font-family:var( --e-global-typography-secondary-font-family ), Sans-serif;font-weight:var( --e-global-typography-secondary-font-weight );}.elementor-widget-heading .protected-content-error-msg{font-family:var( --e-global-typography-secondary-font-family ), Sans-serif;font-weight:var( --e-global-typography-secondary-font-weight );}.elementor-widget-text-editor{font-family:var( --e-global-typography-text-font-family ), Sans-serif;font-weight:var( --e-global-typography-text-font-weight );color:var( --e-global-color-text );}.elementor-widget-text-editor.elementor-drop-cap-view-stacked .elementor-drop-cap{background-color:var( --e-global-color-primary );}.elementor-widget-text-editor.elementor-drop-cap-view-framed .elementor-drop-cap, .elementor-widget-text-editor.elementor-drop-cap-view-default .elementor-drop-cap{color:var( --e-global-color-primary );border-color:var( --e-global-color-primary );}.elementor-widget-text-editor .eael-protected-content-message{font-family:var( --e-global-typography-secondary-font-family ), Sans-serif;font-weight:var( --e-global-typography-secondary-font-weight );}.elementor-widget-text-editor .protected-content-error-msg{font-family:var( --e-global-typography-secondary-font-family ), Sans-serif;font-weight:var( --e-global-typography-secondary-font-weight );}.elementor-53213 .elementor-element.elementor-element-3e3a126{--display:flex;--flex-direction:row;--container-widget-width:initial;--container-widget-height:100%;--container-widget-flex-grow:1;--container-widget-align-self:stretch;--flex-wrap-mobile:wrap;}.elementor-widget-button .elementor-button{font-family:var( --e-global-typography-accent-font-family ), Sans-serif;font-weight:var( --e-global-typography-accent-font-weight );background-color:var( --e-global-color-accent );}.elementor-widget-button .eael-protected-content-message{font-family:var( --e-global-typography-secondary-font-family ), Sans-serif;font-weight:var( --e-global-typography-secondary-font-weight );}.elementor-widget-button .protected-content-error-msg{font-family:var( --e-global-typography-secondary-font-family ), Sans-serif;font-weight:var( --e-global-typography-secondary-font-weight );}.elementor-53213 .elementor-element.elementor-element-3ab79f5 .elementor-button-content-wrapper{flex-direction:row-reverse;}.elementor-53213 .elementor-element.elementor-element-3ab79f5 .elementor-button .elementor-button-content-wrapper{gap:10px;}.elementor-53213 .elementor-element.elementor-element-3ab79f5 .elementor-button{font-family:\"Inter\", Sans-serif;font-size:15px;font-weight:600;fill:var( --e-global-color-primary );color:var( --e-global-color-primary );background-color:#FFFFFF;border-style:solid;border-width:1px 1px 1px 1px;border-radius:50px 50px 50px 50px;padding:10px 8px 9px 20px;}.elementor-53213 .elementor-element.elementor-element-3ab79f5 .elementor-button:hover, .elementor-53213 .elementor-element.elementor-element-3ab79f5 .elementor-button:focus{color:#FFFFFF;background-color:var( --e-global-color-accent );border-color:#FFFFFF;}.elementor-53213 .elementor-element.elementor-element-3ab79f5 .elementor-button:hover svg, .elementor-53213 .elementor-element.elementor-element-3ab79f5 .elementor-button:focus svg{fill:#FFFFFF;}.elementor-53213 .elementor-element.elementor-element-3ab79f5{width:auto;max-width:auto;}.elementor-53213 .elementor-element.elementor-element-b5c86cf .elementor-button{font-family:\"Inter\", Sans-serif;font-size:15px;font-weight:600;fill:var( --e-global-color-primary );color:var( --e-global-color-primary );background-color:#FFFFFF;border-style:solid;border-width:1px 1px 1px 1px;border-radius:50px 50px 50px 50px;padding:10px 8px 9px 20px;}.elementor-53213 .elementor-element.elementor-element-b5c86cf .elementor-button:hover, .elementor-53213 .elementor-element.elementor-element-b5c86cf .elementor-button:focus{color:#FFFFFF;background-color:var( --e-global-color-accent );border-color:#FFFFFF;}.elementor-53213 .elementor-element.elementor-element-b5c86cf .elementor-button:hover svg, .elementor-53213 .elementor-element.elementor-element-b5c86cf .elementor-button:focus svg{fill:#FFFFFF;}.elementor-53213 .elementor-element.elementor-element-b5c86cf{width:auto;max-width:auto;}@media(min-width:768px){.elementor-53213 .elementor-element.elementor-element-9b52ad8{--width:100%;}}@media(max-width:1024px){.elementor-53213 .elementor-element.elementor-element-b0963cf{--flex-direction:column;--container-widget-width:100%;--container-widget-height:initial;--container-widget-flex-grow:0;--container-widget-align-self:initial;--flex-wrap-mobile:wrap;}}<\/style>\t\t<div data-elementor-type=\"loop-item\" data-elementor-id=\"53213\" class=\"elementor elementor-53213 elementor-53168 elementor-53168 e-loop-item e-loop-item-53182 post-53182 offers type-offers status-publish has-post-thumbnail hentry\" data-elementor-post-type=\"elementor_library\" data-custom-edit-handle=\"1\">\n\t\t\t<div data-particle_enable=\"false\" data-particle-mobile-disabled=\"false\" class=\"elementor-element elementor-element-b0963cf e-con-full e-flex e-con e-parent\" data-id=\"b0963cf\" data-element_type=\"container\" data-e-type=\"container\" data-settings=\"{&quot;jet_parallax_layout_list&quot;:[]}\">\n\t\t\t\t<div class=\"elementor-element elementor-element-1e21eb2 elementor-widget elementor-widget-theme-post-featured-image elementor-widget-image\" data-id=\"1e21eb2\" data-element_type=\"widget\" data-e-type=\"widget\" data-widget_type=\"theme-post-featured-image.default\">\n\t\t\t\t<div class=\"elementor-widget-container\">\n\t\t\t\t\t\t\t\t\t\t\t\t\t\t\t<img decoding=\"async\" width=\"1200\" height=\"800\" data-src=\"https:\/\/ladiperie.com\/wp-content\/uploads\/2026\/05\/DIP-TON-ETE-1-1.jpg\" class=\"attachment-full size-full wp-image-53184 lazyload\" alt=\"\" data-srcset=\"https:\/\/ladiperie.com\/wp-content\/uploads\/2026\/05\/DIP-TON-ETE-1-1.jpg 1200w, https:\/\/ladiperie.com\/wp-content\/uploads\/2026\/05\/DIP-TON-ETE-1-1-300x200.jpg 300w, https:\/\/ladiperie.com\/wp-content\/uploads\/2026\/05\/DIP-TON-ETE-1-1-1024x683.jpg 1024w, https:\/\/ladiperie.com\/wp-content\/uploads\/2026\/05\/DIP-TON-ETE-1-1-768x512.jpg 768w\" data-sizes=\"auto\" src=\"data:image\/svg+xml;base64,PHN2ZyB3aWR0aD0iMSIgaGVpZ2h0PSIxIiB4bWxucz0iaHR0cDovL3d3dy53My5vcmcvMjAwMC9zdmciPjwvc3ZnPg==\" style=\"--smush-placeholder-width: 1200px; --smush-placeholder-aspect-ratio: 1200\/800;\" data-original-sizes=\"(max-width: 1200px) 100vw, 1200px\" \/>\t\t\t\t\t\t\t\t\t\t\t\t\t\t\t<\/div>\n\t\t\t\t<\/div>\n\t\t<div data-particle_enable=\"false\" data-particle-mobile-disabled=\"false\" class=\"elementor-element elementor-element-9b52ad8 e-con-full e-flex e-con e-child\" data-id=\"9b52ad8\" data-element_type=\"container\" data-e-type=\"container\" data-settings=\"{&quot;jet_parallax_layout_list&quot;:[]}\">\n\t\t\t\t<div class=\"elementor-element elementor-element-f22ddc1 elementor-widget elementor-widget-heading\" data-id=\"f22ddc1\" data-element_type=\"widget\" data-e-type=\"widget\" data-widget_type=\"heading.default\">\n\t\t\t\t<div class=\"elementor-widget-container\">\n\t\t\t\t\t<h2 class=\"elementor-heading-title elementor-size-default\">DIP TON \u00c9T\u00c9<\/h2>\t\t\t\t<\/div>\n\t\t\t\t<\/div>\n\t\t\t\t<div class=\"elementor-element elementor-element-eb27be4 elementor-widget elementor-widget-text-editor\" data-id=\"eb27be4\" data-element_type=\"widget\" data-e-type=\"widget\" data-widget_type=\"text-editor.default\">\n\t\t\t\t<div class=\"elementor-widget-container\">\n\t\t\t\t\t\t\t\t\t<p style=\"font-size: 1.2em\">Cet \u00e9t\u00e9, c&rsquo;est la f\u00eate tous les jours pour les enfants ! Venez essayer notre Mini Dip \u00e0 seulement 1,95$<\/p>\n<p style=\"font-size: 0.9em\">Les enfants ont un choix de cr\u00e8me glac\u00e9e molle tremp\u00e9e ou d&rsquo;une boule de cr\u00e8me glac\u00e9e dure napp\u00e9e de chocolat dans un cornet ou dans un bol. Limite d&rsquo;un Mini Dip \u00e0 1,95$ par enfant de 12 ans et moins, \u00e0 l&rsquo;achat de 5$ avant taxes.<\/p>\n\t\t\t\t\t\t\t\t<\/div>\n\t\t\t\t<\/div>\n\t\t<div data-particle_enable=\"false\" data-particle-mobile-disabled=\"false\" class=\"elementor-element elementor-element-3e3a126 e-con-full e-flex e-con e-child\" data-id=\"3e3a126\" data-element_type=\"container\" data-e-type=\"container\" data-settings=\"{&quot;jet_parallax_layout_list&quot;:[]}\">\n\t\t\t\t<div class=\"elementor-element elementor-element-3ab79f5 elementor-align-right elementor-widget__width-auto elementor-widget elementor-widget-button\" data-id=\"3ab79f5\" data-element_type=\"widget\" data-e-type=\"widget\" data-widget_type=\"button.default\">\n\t\t\t\t<div class=\"elementor-widget-container\">\n\t\t\t\t\t\t\t\t\t<div class=\"elementor-button-wrapper\">\n\t\t\t\t\t<a class=\"elementor-button elementor-button-link elementor-size-md\" href=\"\/locations\/\">\n\t\t\t\t\t\t<span class=\"elementor-button-content-wrapper\">\n\t\t\t\t\t\t<span class=\"elementor-button-icon\">\n\t\t\t\t<svg xmlns=\"http:\/\/www.w3.org\/2000\/svg\" width=\"34\" height=\"34\" viewBox=\"0 0 34 34\" fill=\"none\"><path d=\"M13.2705 11.76H22.24V20.7295M11.789 22.211L22.2271 11.7729M32 17C32 25.2843 25.2843 32 17 32C8.71573 32 2 25.2843 2 17C2 8.71573 8.71573 2 17 2C25.2843 2 32 8.71573 32 17Z\" stroke=\"#7DCDC8\" stroke-width=\"2.5\" stroke-miterlimit=\"10\" stroke-linecap=\"round\" stroke-linejoin=\"round\"><\/path><\/svg>\t\t\t<\/span>\n\t\t\t\t\t\t\t\t\t<span class=\"elementor-button-text\">Trouver l'emplacement le plus pr\u00e8s<\/span>\n\t\t\t\t\t<\/span>\n\t\t\t\t\t<\/a>\n\t\t\t\t<\/div>\n\t\t\t\t\t\t\t\t<\/div>\n\t\t\t\t<\/div>\n\t\t\t\t<\/div>\n\t\t\t\t<\/div>\n\t\t\t\t<\/div>\n\t\t\t\t<\/div>\n\t\t\t\t<\/div>\n\t\t\n\t\t\t\t\t\t<\/div>\n\t\t\t\t<\/div>\n\t\t\t\t\t<\/div>\n\t\t\t\t<\/div>\n\t\t\t\t<\/div>\n\t\t","protected":false},"excerpt":{"rendered":"<p>promotions D\u00e9couvrez nos promotions<\/p>\n","protected":false},"author":1,"featured_media":0,"parent":0,"menu_order":0,"comment_status":"closed","ping_status":"closed","template":"elementor_header_footer","meta":{"footnotes":""},"class_list":["post-53216","page","type-page","status-publish","hentry"],"_links":{"self":[{"href":"https:\/\/ladiperie.com\/fr\/wp-json\/wp\/v2\/pages\/53216","targetHints":{"allow":["GET"]}}],"collection":[{"href":"https:\/\/ladiperie.com\/fr\/wp-json\/wp\/v2\/pages"}],"about":[{"href":"https:\/\/ladiperie.com\/fr\/wp-json\/wp\/v2\/types\/page"}],"author":[{"embeddable":true,"href":"https:\/\/ladiperie.com\/fr\/wp-json\/wp\/v2\/users\/1"}],"replies":[{"embeddable":true,"href":"https:\/\/ladiperie.com\/fr\/wp-json\/wp\/v2\/comments?post=53216"}],"version-history":[{"count":0,"href":"https:\/\/ladiperie.com\/fr\/wp-json\/wp\/v2\/pages\/53216\/revisions"}],"wp:attachment":[{"href":"https:\/\/ladiperie.com\/fr\/wp-json\/wp\/v2\/media?parent=53216"}],"curies":[{"name":"wp","href":"https:\/\/api.w.org\/{rel}","templated":true}]}}