{"id":6577,"date":"2023-07-25T15:41:11","date_gmt":"2023-07-25T15:41:11","guid":{"rendered":"https:\/\/ladiperie.com\/?page_id=6577"},"modified":"2025-08-20T20:10:07","modified_gmt":"2025-08-20T20:10:07","slug":"gaufres","status":"publish","type":"page","link":"https:\/\/ladiperie.com\/fr\/gaufres\/","title":{"rendered":"Gaufres"},"content":{"rendered":"\t\t<div data-elementor-type=\"wp-page\" data-elementor-id=\"6577\" class=\"elementor elementor-6577 elementor-6290\" data-elementor-post-type=\"page\">\n\t\t\t\t\t\t<section data-particle_enable=\"false\" data-particle-mobile-disabled=\"false\" class=\"elementor-section elementor-top-section elementor-element elementor-element-cda9ea4 elementor-section-full_width elementor-section-height-default elementor-section-height-default\" data-id=\"cda9ea4\" data-element_type=\"section\" data-e-type=\"section\" data-settings=\"{&quot;jet_parallax_layout_list&quot;:[]}\">\n\t\t\t\t\t\t<div class=\"elementor-container elementor-column-gap-default\">\n\t\t\t\t\t<div class=\"elementor-column elementor-col-100 elementor-top-column elementor-element elementor-element-a9f3eeb\" data-id=\"a9f3eeb\" data-element_type=\"column\" data-e-type=\"column\">\n\t\t\t<div class=\"elementor-widget-wrap elementor-element-populated\">\n\t\t\t\t\t\t<div class=\"elementor-element elementor-element-ac70279 elementor-align-right elementor-widget__width-auto elementor-widget elementor-widget-button\" data-id=\"ac70279\" data-element_type=\"widget\" data-e-type=\"widget\" data-widget_type=\"button.default\">\n\t\t\t\t<div class=\"elementor-widget-container\">\n\t\t\t\t\t\t\t\t\t<div class=\"elementor-button-wrapper\">\n\t\t\t\t\t<a class=\"elementor-button elementor-button-link elementor-size-md\" href=\"https:\/\/ladiperie.com\/fr\/\">\n\t\t\t\t\t\t<span class=\"elementor-button-content-wrapper\">\n\t\t\t\t\t\t<span class=\"elementor-button-icon\">\n\t\t\t\t<svg xmlns=\"http:\/\/www.w3.org\/2000\/svg\" id=\"Layer_1\" viewBox=\"0 0 32.5 32.5\"><defs><style>.cls-1{fill:none;stroke:#7dcdc8;stroke-linecap:round;stroke-linejoin:round;stroke-width:2.5px;}<\/style><\/defs><path class=\"cls-1\" d=\"m15.18,22.59l-6.34-6.34,6.34-6.34m8.44,6.34h-14.76m-3.21-10.61C11.5-.21,21-.21,26.86,5.64s5.86,15.36,0,21.21-15.36,5.86-21.21,0S-.21,11.5,5.64,5.64Z\"><\/path><\/svg>\t\t\t<\/span>\n\t\t\t\t\t\t\t\t\t<span class=\"elementor-button-text\">Retour<\/span>\n\t\t\t\t\t<\/span>\n\t\t\t\t\t<\/a>\n\t\t\t\t<\/div>\n\t\t\t\t\t\t\t\t<\/div>\n\t\t\t\t<\/div>\n\t\t\t\t\t<\/div>\n\t\t<\/div>\n\t\t\t\t\t<\/div>\n\t\t<\/section>\n\t\t\t\t<section data-particle_enable=\"false\" data-particle-mobile-disabled=\"false\" class=\"elementor-section elementor-top-section elementor-element elementor-element-e39656f elementor-reverse-tablet animated-slow elementor-section-full_width elementor-section-height-default elementor-section-height-default elementor-invisible\" data-id=\"e39656f\" data-element_type=\"section\" data-e-type=\"section\" data-settings=\"{&quot;jet_parallax_layout_list&quot;:[],&quot;animation&quot;:&quot;fadeInUp&quot;,&quot;animation_delay&quot;:0.5}\">\n\t\t\t\t\t\t<div class=\"elementor-container elementor-column-gap-default\">\n\t\t\t\t\t<div class=\"elementor-column elementor-col-50 elementor-top-column elementor-element elementor-element-9f4a4a9\" data-id=\"9f4a4a9\" data-element_type=\"column\" data-e-type=\"column\">\n\t\t\t<div class=\"elementor-widget-wrap elementor-element-populated\">\n\t\t\t\t\t\t<div class=\"elementor-element elementor-element-526caa5 elementor-widget elementor-widget-heading\" data-id=\"526caa5\" data-element_type=\"widget\" data-e-type=\"widget\" data-widget_type=\"heading.default\">\n\t\t\t\t<div class=\"elementor-widget-container\">\n\t\t\t\t\t<h2 class=\"elementor-heading-title elementor-size-default\">GAUFRES<\/h2>\t\t\t\t<\/div>\n\t\t\t\t<\/div>\n\t\t\t\t\t<\/div>\n\t\t<\/div>\n\t\t\t\t<div class=\"elementor-column elementor-col-50 elementor-top-column elementor-element elementor-element-ef61cc4\" data-id=\"ef61cc4\" data-element_type=\"column\" data-e-type=\"column\" data-settings=\"{&quot;background_background&quot;:&quot;classic&quot;}\">\n\t\t\t<div class=\"elementor-widget-wrap elementor-element-populated\">\n\t\t\t\t\t\t<section data-particle_enable=\"false\" data-particle-mobile-disabled=\"false\" class=\"elementor-section elementor-inner-section elementor-element elementor-element-85cbaa7 elementor-section-boxed elementor-section-height-default elementor-section-height-default\" data-id=\"85cbaa7\" data-element_type=\"section\" data-e-type=\"section\" data-settings=\"{&quot;jet_parallax_layout_list&quot;:[]}\">\n\t\t\t\t\t\t<div class=\"elementor-container elementor-column-gap-default\">\n\t\t\t\t\t<div class=\"elementor-column elementor-col-33 elementor-inner-column elementor-element elementor-element-2e56ee8\" data-id=\"2e56ee8\" data-element_type=\"column\" data-e-type=\"column\">\n\t\t\t<div class=\"elementor-widget-wrap elementor-element-populated\">\n\t\t\t\t\t\t<div class=\"elementor-element elementor-element-fe5aeca elementor-widget elementor-widget-image\" data-id=\"fe5aeca\" data-element_type=\"widget\" data-e-type=\"widget\" data-widget_type=\"image.default\">\n\t\t\t\t<div class=\"elementor-widget-container\">\n\t\t\t\t\t\t\t\t\t\t\t\t\t\t\t<img fetchpriority=\"high\" decoding=\"async\" width=\"356\" height=\"356\" src=\"https:\/\/ladiperie.com\/wp-content\/uploads\/2023\/03\/DELIVERY_ICON_LD_1.png\" class=\"attachment-full size-full wp-image-1505\" alt=\"\" srcset=\"https:\/\/ladiperie.com\/wp-content\/uploads\/2023\/03\/DELIVERY_ICON_LD_1.png 356w, https:\/\/ladiperie.com\/wp-content\/uploads\/2023\/03\/DELIVERY_ICON_LD_1-300x300.png 300w, https:\/\/ladiperie.com\/wp-content\/uploads\/2023\/03\/DELIVERY_ICON_LD_1-150x150.png 150w\" sizes=\"(max-width: 356px) 100vw, 356px\" \/>\t\t\t\t\t\t\t\t\t\t\t\t\t\t\t<\/div>\n\t\t\t\t<\/div>\n\t\t\t\t\t<\/div>\n\t\t<\/div>\n\t\t\t\t<div class=\"elementor-column elementor-col-33 elementor-inner-column elementor-element elementor-element-42db712\" data-id=\"42db712\" data-element_type=\"column\" data-e-type=\"column\">\n\t\t\t<div class=\"elementor-widget-wrap elementor-element-populated\">\n\t\t\t\t\t\t<div class=\"elementor-element elementor-element-db717cc elementor-widget elementor-widget-heading\" data-id=\"db717cc\" data-element_type=\"widget\" data-e-type=\"widget\" data-widget_type=\"heading.default\">\n\t\t\t\t<div class=\"elementor-widget-container\">\n\t\t\t\t\t<h2 class=\"elementor-heading-title elementor-size-default\">Oui, nous assurons la livraison.<\/h2>\t\t\t\t<\/div>\n\t\t\t\t<\/div>\n\t\t\t\t<div class=\"elementor-element elementor-element-f00988d elementor-widget elementor-widget-heading\" data-id=\"f00988d\" data-element_type=\"widget\" data-e-type=\"widget\" data-widget_type=\"heading.default\">\n\t\t\t\t<div class=\"elementor-widget-container\">\n\t\t\t\t\t<h2 class=\"elementor-heading-title elementor-size-default\">Savourez les d\u00e9lices de la Diperie \u00e0 tout moment !<\/h2>\t\t\t\t<\/div>\n\t\t\t\t<\/div>\n\t\t\t\t\t<\/div>\n\t\t<\/div>\n\t\t\t\t<div class=\"elementor-column elementor-col-33 elementor-inner-column elementor-element elementor-element-971f417\" data-id=\"971f417\" data-element_type=\"column\" data-e-type=\"column\">\n\t\t\t<div class=\"elementor-widget-wrap elementor-element-populated\">\n\t\t\t\t\t\t<div class=\"elementor-element elementor-element-4b34ba5 elementor-align-right elementor-widget__width-auto elementor-widget elementor-widget-button\" data-id=\"4b34ba5\" data-element_type=\"widget\" data-e-type=\"widget\" data-widget_type=\"button.default\">\n\t\t\t\t<div class=\"elementor-widget-container\">\n\t\t\t\t\t\t\t\t\t<div class=\"elementor-button-wrapper\">\n\t\t\t\t\t<a class=\"elementor-button elementor-button-link elementor-size-md\" href=\"https:\/\/ladiperie.order-online.ai\/fr\/#\/\">\n\t\t\t\t\t\t<span class=\"elementor-button-content-wrapper\">\n\t\t\t\t\t\t<span class=\"elementor-button-icon\">\n\t\t\t\t<svg xmlns=\"http:\/\/www.w3.org\/2000\/svg\" width=\"34\" height=\"34\" viewBox=\"0 0 34 34\" fill=\"none\"><path d=\"M13.2705 11.76H22.24V20.7295M11.789 22.211L22.2271 11.7729M32 17C32 25.2843 25.2843 32 17 32C8.71573 32 2 25.2843 2 17C2 8.71573 8.71573 2 17 2C25.2843 2 32 8.71573 32 17Z\" stroke=\"#7DCDC8\" stroke-width=\"2.5\" stroke-miterlimit=\"10\" stroke-linecap=\"round\" stroke-linejoin=\"round\"><\/path><\/svg>\t\t\t<\/span>\n\t\t\t\t\t\t\t\t\t<span class=\"elementor-button-text\">Commandez ici<\/span>\n\t\t\t\t\t<\/span>\n\t\t\t\t\t<\/a>\n\t\t\t\t<\/div>\n\t\t\t\t\t\t\t\t<\/div>\n\t\t\t\t<\/div>\n\t\t\t\t\t<\/div>\n\t\t<\/div>\n\t\t\t\t\t<\/div>\n\t\t<\/section>\n\t\t\t\t\t<\/div>\n\t\t<\/div>\n\t\t\t\t\t<\/div>\n\t\t<\/section>\n\t\t\t\t<section data-particle_enable=\"false\" data-particle-mobile-disabled=\"false\" class=\"elementor-section elementor-top-section elementor-element elementor-element-989a150 elementor-section-full_width elementor-section-height-default elementor-section-height-default\" data-id=\"989a150\" data-element_type=\"section\" data-e-type=\"section\" data-settings=\"{&quot;jet_parallax_layout_list&quot;:[]}\">\n\t\t\t\t\t\t<div class=\"elementor-container elementor-column-gap-default\">\n\t\t\t\t\t<div class=\"elementor-column elementor-col-100 elementor-top-column elementor-element elementor-element-fc7b6cd animated-slow elementor-invisible\" data-id=\"fc7b6cd\" data-element_type=\"column\" data-e-type=\"column\" data-settings=\"{&quot;animation&quot;:&quot;fadeInUp&quot;,&quot;animation_delay&quot;:0.14999999999999999}\">\n\t\t\t<div class=\"elementor-widget-wrap elementor-element-populated\">\n\t\t\t\t\t\t<div class=\"elementor-element elementor-element-b14c343 elementor-grid-4 elementor-grid-tablet-2 elementor-grid-mobile-1 elementor-widget elementor-widget-loop-grid\" data-id=\"b14c343\" data-element_type=\"widget\" data-e-type=\"widget\" data-settings=\"{&quot;template_id&quot;:7065,&quot;columns&quot;:4,&quot;masonry&quot;:&quot;yes&quot;,&quot;row_gap&quot;:{&quot;unit&quot;:&quot;px&quot;,&quot;size&quot;:24,&quot;sizes&quot;:[]},&quot;_skin&quot;:&quot;post&quot;,&quot;columns_tablet&quot;:&quot;2&quot;,&quot;columns_mobile&quot;:&quot;1&quot;,&quot;edit_handle_selector&quot;:&quot;[data-elementor-type=\\&quot;loop-item\\&quot;]&quot;,&quot;row_gap_tablet&quot;:{&quot;unit&quot;:&quot;px&quot;,&quot;size&quot;:&quot;&quot;,&quot;sizes&quot;:[]},&quot;row_gap_mobile&quot;:{&quot;unit&quot;:&quot;px&quot;,&quot;size&quot;:&quot;&quot;,&quot;sizes&quot;:[]}}\" data-widget_type=\"loop-grid.post\">\n\t\t\t\t<div class=\"elementor-widget-container\">\n\t\t\t\t\t\t\t<div class=\"elementor-loop-container elementor-grid\" role=\"list\">\n\t\t<style id=\"loop-7065\">.elementor-widget-section .eael-protected-content-message{font-family:var( --e-global-typography-secondary-font-family ), Sans-serif;font-weight:var( --e-global-typography-secondary-font-weight );}.elementor-widget-section .protected-content-error-msg{font-family:var( --e-global-typography-secondary-font-family ), Sans-serif;font-weight:var( --e-global-typography-secondary-font-weight );}.elementor-7065 .elementor-element.elementor-element-4451287 > .elementor-widget-wrap > .elementor-widget:not(.elementor-widget__width-auto):not(.elementor-widget__width-initial):not(:last-child):not(.elementor-absolute){margin-block-end:8px;}.elementor-7065 .elementor-element.elementor-element-4451287 > .elementor-element-populated{margin:0px 0px 0px 0px;--e-column-margin-right:0px;--e-column-margin-left:0px;padding:0px 0px 0px 0px;}.elementor-widget-image .widget-image-caption{color:var( --e-global-color-text );font-family:var( --e-global-typography-text-font-family ), Sans-serif;font-weight:var( --e-global-typography-text-font-weight );}.elementor-widget-image .eael-protected-content-message{font-family:var( --e-global-typography-secondary-font-family ), Sans-serif;font-weight:var( --e-global-typography-secondary-font-weight );}.elementor-widget-image .protected-content-error-msg{font-family:var( --e-global-typography-secondary-font-family ), Sans-serif;font-weight:var( --e-global-typography-secondary-font-weight );}.elementor-7065 .elementor-element.elementor-element-f777526 img{width:100%;border-style:solid;border-width:1px 1px 1px 1px;border-color:#00000012;border-radius:3px 3px 3px 3px;}.elementor-7065 .elementor-element.elementor-element-f777526 > .elementor-widget-container{margin:0px 0px -20px 0px;}.elementor-7065 .elementor-element.elementor-element-8290546 > .elementor-container{min-height:180px;}.elementor-7065 .elementor-element.elementor-element-8290546{padding:0px 0px 16px 0px;}.elementor-bc-flex-widget .elementor-7065 .elementor-element.elementor-element-1843c2d.elementor-column .elementor-widget-wrap{align-items:flex-start;}.elementor-7065 .elementor-element.elementor-element-1843c2d.elementor-column.elementor-element[data-element_type=\"column\"] > .elementor-widget-wrap.elementor-element-populated{align-content:flex-start;align-items:flex-start;}.elementor-7065 .elementor-element.elementor-element-1843c2d.elementor-column > .elementor-widget-wrap{justify-content:center;}.elementor-7065 .elementor-element.elementor-element-1843c2d:not(.elementor-motion-effects-element-type-background) > .elementor-widget-wrap, .elementor-7065 .elementor-element.elementor-element-1843c2d > .elementor-widget-wrap > .elementor-motion-effects-container > .elementor-motion-effects-layer{background-color:#F9F9F9;}.elementor-7065 .elementor-element.elementor-element-1843c2d > .elementor-element-populated{border-style:solid;border-width:1px 1px 1px 1px;border-color:#EBEBEB;transition:background 0.3s, border 0.3s, border-radius 0.3s, box-shadow 0.3s;padding:10px 10px 10px 10px;}.elementor-7065 .elementor-element.elementor-element-1843c2d > .elementor-element-populated, .elementor-7065 .elementor-element.elementor-element-1843c2d > .elementor-element-populated > .elementor-background-overlay, .elementor-7065 .elementor-element.elementor-element-1843c2d > .elementor-background-slideshow{border-radius:4px 4px 4px 4px;}.elementor-7065 .elementor-element.elementor-element-1843c2d > .elementor-element-populated > .elementor-background-overlay{transition:background 0.3s, border-radius 0.3s, opacity 0.3s;}.elementor-widget-button .elementor-button{font-family:var( --e-global-typography-accent-font-family ), Sans-serif;font-weight:var( --e-global-typography-accent-font-weight );background-color:var( --e-global-color-accent );}.elementor-widget-button .eael-protected-content-message{font-family:var( --e-global-typography-secondary-font-family ), Sans-serif;font-weight:var( --e-global-typography-secondary-font-weight );}.elementor-widget-button .protected-content-error-msg{font-family:var( --e-global-typography-secondary-font-family ), Sans-serif;font-weight:var( --e-global-typography-secondary-font-weight );}.elementor-7065 .elementor-element.elementor-element-4c381fa .elementor-button{font-family:\"Inter\", Sans-serif;font-size:16px;font-weight:500;text-transform:uppercase;fill:#FFFFFF;color:#FFFFFF;background-color:var( --e-global-color-accent );border-radius:4px 4px 4px 4px;padding:10px 8px 10px 8px;}.elementor-7065 .elementor-element.elementor-element-4c381fa .elementor-button:hover, .elementor-7065 .elementor-element.elementor-element-4c381fa .elementor-button:focus{color:#FFFFFF;background-color:var( --e-global-color-accent );border-color:#FFFFFF;}.elementor-7065 .elementor-element.elementor-element-4c381fa .elementor-button:hover svg, .elementor-7065 .elementor-element.elementor-element-4c381fa .elementor-button:focus svg{fill:#FFFFFF;}.elementor-widget-text-editor{font-family:var( --e-global-typography-text-font-family ), Sans-serif;font-weight:var( --e-global-typography-text-font-weight );color:var( --e-global-color-text );}.elementor-widget-text-editor.elementor-drop-cap-view-stacked .elementor-drop-cap{background-color:var( --e-global-color-primary );}.elementor-widget-text-editor.elementor-drop-cap-view-framed .elementor-drop-cap, .elementor-widget-text-editor.elementor-drop-cap-view-default .elementor-drop-cap{color:var( --e-global-color-primary );border-color:var( --e-global-color-primary );}.elementor-widget-text-editor .eael-protected-content-message{font-family:var( --e-global-typography-secondary-font-family ), Sans-serif;font-weight:var( --e-global-typography-secondary-font-weight );}.elementor-widget-text-editor .protected-content-error-msg{font-family:var( --e-global-typography-secondary-font-family ), Sans-serif;font-weight:var( --e-global-typography-secondary-font-weight );}.elementor-7065 .elementor-element.elementor-element-358ad8c{text-align:center;font-family:\"Inter\", Sans-serif;font-size:14px;font-weight:400;color:#4B4B4B;width:auto;max-width:auto;align-self:flex-end;}.elementor-7065 .elementor-element.elementor-element-358ad8c > .elementor-widget-container{margin:0px 0px 0px 0px;padding:8px 8px 0px 8px;}<\/style>\t\t<div data-elementor-type=\"loop-item\" data-elementor-id=\"7065\" class=\"elementor elementor-7065 elementor-6811 elementor-6811 e-loop-item e-loop-item-759 post-759 menu type-menu status-publish hentry menu-categories-all-fr menu-categories-gaufres menu-categories-tout\" data-elementor-post-type=\"elementor_library\" data-custom-edit-handle=\"1\">\n\t\t\t\t\t<section data-particle_enable=\"false\" data-particle-mobile-disabled=\"false\" class=\"elementor-section elementor-top-section elementor-element elementor-element-81cc2ef elementor-section-boxed elementor-section-height-default elementor-section-height-default\" data-id=\"81cc2ef\" data-element_type=\"section\" data-e-type=\"section\" data-settings=\"{&quot;jet_parallax_layout_list&quot;:[]}\">\n\t\t\t\t\t\t<div class=\"elementor-container elementor-column-gap-default\">\n\t\t\t\t\t<div class=\"elementor-column elementor-col-100 elementor-top-column elementor-element elementor-element-4451287\" data-id=\"4451287\" data-element_type=\"column\" data-e-type=\"column\">\n\t\t\t<div class=\"elementor-widget-wrap elementor-element-populated\">\n\t\t\t\t\t\t<div class=\"elementor-element elementor-element-f777526 elementor-widget elementor-widget-image\" data-id=\"f777526\" data-element_type=\"widget\" data-e-type=\"widget\" data-widget_type=\"image.default\">\n\t\t\t\t<div class=\"elementor-widget-container\">\n\t\t\t\t\t\t\t\t\t\t\t\t\t\t\t<img decoding=\"async\" width=\"1370\" height=\"1712\" data-src=\"https:\/\/ladiperie.com\/wp-content\/uploads\/2025\/12\/WaffleIceCream.jpg\" class=\"attachment-full size-full wp-image-46951 lazyload\" alt=\"\" data-srcset=\"https:\/\/ladiperie.com\/wp-content\/uploads\/2025\/12\/WaffleIceCream.jpg 1370w, https:\/\/ladiperie.com\/wp-content\/uploads\/2025\/12\/WaffleIceCream-240x300.jpg 240w, https:\/\/ladiperie.com\/wp-content\/uploads\/2025\/12\/WaffleIceCream-819x1024.jpg 819w, https:\/\/ladiperie.com\/wp-content\/uploads\/2025\/12\/WaffleIceCream-768x960.jpg 768w, https:\/\/ladiperie.com\/wp-content\/uploads\/2025\/12\/WaffleIceCream-1229x1536.jpg 1229w\" data-sizes=\"auto\" src=\"data:image\/svg+xml;base64,PHN2ZyB3aWR0aD0iMSIgaGVpZ2h0PSIxIiB4bWxucz0iaHR0cDovL3d3dy53My5vcmcvMjAwMC9zdmciPjwvc3ZnPg==\" style=\"--smush-placeholder-width: 1370px; --smush-placeholder-aspect-ratio: 1370\/1712;\" data-original-sizes=\"(max-width: 1370px) 100vw, 1370px\" \/>\t\t\t\t\t\t\t\t\t\t\t\t\t\t\t<\/div>\n\t\t\t\t<\/div>\n\t\t\t\t<section data-particle_enable=\"false\" data-particle-mobile-disabled=\"false\" class=\"elementor-section elementor-inner-section elementor-element elementor-element-8290546 elementor-section-full_width elementor-section-height-min-height elementor-section-height-default\" data-id=\"8290546\" data-element_type=\"section\" data-e-type=\"section\" data-settings=\"{&quot;jet_parallax_layout_list&quot;:[]}\">\n\t\t\t\t\t\t<div class=\"elementor-container elementor-column-gap-default\">\n\t\t\t\t\t<div class=\"elementor-column elementor-col-100 elementor-inner-column elementor-element elementor-element-1843c2d\" data-id=\"1843c2d\" data-element_type=\"column\" data-e-type=\"column\" data-settings=\"{&quot;background_background&quot;:&quot;classic&quot;}\">\n\t\t\t<div class=\"elementor-widget-wrap elementor-element-populated\">\n\t\t\t\t\t\t<div class=\"elementor-element elementor-element-4c381fa elementor-align-justify elementor-widget elementor-widget-button\" data-id=\"4c381fa\" data-element_type=\"widget\" data-e-type=\"widget\" data-widget_type=\"button.default\">\n\t\t\t\t<div class=\"elementor-widget-container\">\n\t\t\t\t\t\t\t\t\t<div class=\"elementor-button-wrapper\">\n\t\t\t\t\t<a class=\"elementor-button elementor-size-md\" role=\"button\">\n\t\t\t\t\t\t<span class=\"elementor-button-content-wrapper\">\n\t\t\t\t\t\t\t\t\t<span class=\"elementor-button-text\"> Gaufre Classique<\/span>\n\t\t\t\t\t<\/span>\n\t\t\t\t\t<\/a>\n\t\t\t\t<\/div>\n\t\t\t\t\t\t\t\t<\/div>\n\t\t\t\t<\/div>\n\t\t\t\t<div class=\"elementor-element elementor-element-358ad8c elementor-widget__width-auto elementor-widget elementor-widget-text-editor\" data-id=\"358ad8c\" data-element_type=\"widget\" data-e-type=\"widget\" data-widget_type=\"text-editor.default\">\n\t\t\t\t<div class=\"elementor-widget-container\">\n\t\t\t\t\t\t\t\t\tGaufre belge enrob\u00e9e de chocolat au lait et garnie de cr\u00e8me glac\u00e9e molle \u00e0 la vanille.\t\t\t\t\t\t\t\t<\/div>\n\t\t\t\t<\/div>\n\t\t\t\t\t<\/div>\n\t\t<\/div>\n\t\t\t\t\t<\/div>\n\t\t<\/section>\n\t\t\t\t\t<\/div>\n\t\t<\/div>\n\t\t\t\t\t<\/div>\n\t\t<\/section>\n\t\t\t\t<\/div>\n\t\t\t\t<\/div>\n\t\t\n\t\t\t\t\t\t<\/div>\n\t\t\t\t<\/div>\n\t\t\t\t<section data-particle_enable=\"false\" data-particle-mobile-disabled=\"false\" class=\"elementor-section elementor-inner-section elementor-element elementor-element-823a13d elementor-section-full_width elementor-section-height-default elementor-section-height-default\" data-id=\"823a13d\" data-element_type=\"section\" data-e-type=\"section\" data-settings=\"{&quot;jet_parallax_layout_list&quot;:[]}\">\n\t\t\t\t\t\t<div class=\"elementor-container elementor-column-gap-default\">\n\t\t\t\t\t<div class=\"elementor-column elementor-col-25 elementor-inner-column elementor-element elementor-element-ffaa063\" data-id=\"ffaa063\" data-element_type=\"column\" data-e-type=\"column\" data-settings=\"{&quot;background_background&quot;:&quot;classic&quot;}\">\n\t\t\t<div class=\"elementor-widget-wrap elementor-element-populated\">\n\t\t\t\t\t\t<div class=\"elementor-element elementor-element-d6b01d5 elementor-widget__width-auto elementor-view-default elementor-widget elementor-widget-icon\" data-id=\"d6b01d5\" data-element_type=\"widget\" data-e-type=\"widget\" data-widget_type=\"icon.default\">\n\t\t\t\t<div class=\"elementor-widget-container\">\n\t\t\t\t\t\t\t<div class=\"elementor-icon-wrapper\">\n\t\t\t<div class=\"elementor-icon\">\n\t\t\t<svg aria-hidden=\"true\" class=\"e-font-icon-svg e-fas-info-circle\" viewBox=\"0 0 512 512\" xmlns=\"http:\/\/www.w3.org\/2000\/svg\"><path d=\"M256 8C119.043 8 8 119.083 8 256c0 136.997 111.043 248 248 248s248-111.003 248-248C504 119.083 392.957 8 256 8zm0 110c23.196 0 42 18.804 42 42s-18.804 42-42 42-42-18.804-42-42 18.804-42 42-42zm56 254c0 6.627-5.373 12-12 12h-88c-6.627 0-12-5.373-12-12v-24c0-6.627 5.373-12 12-12h12v-64h-12c-6.627 0-12-5.373-12-12v-24c0-6.627 5.373-12 12-12h64c6.627 0 12 5.373 12 12v100h12c6.627 0 12 5.373 12 12v24z\"><\/path><\/svg>\t\t\t<\/div>\n\t\t<\/div>\n\t\t\t\t\t\t<\/div>\n\t\t\t\t<\/div>\n\t\t\t\t<div class=\"elementor-element elementor-element-3407f03 elementor-widget__width-auto elementor-widget-mobile__width-auto elementor-widget elementor-widget-heading\" data-id=\"3407f03\" data-element_type=\"widget\" data-e-type=\"widget\" data-widget_type=\"heading.default\">\n\t\t\t\t<div class=\"elementor-widget-container\">\n\t\t\t\t\t<h2 class=\"elementor-heading-title elementor-size-default\">Informations compl\u00e9mentaires<\/h2>\t\t\t\t<\/div>\n\t\t\t\t<\/div>\n\t\t\t\t\t<\/div>\n\t\t<\/div>\n\t\t\t\t<div class=\"elementor-column elementor-col-25 elementor-inner-column elementor-element elementor-element-7fde653\" data-id=\"7fde653\" data-element_type=\"column\" data-e-type=\"column\" data-settings=\"{&quot;background_background&quot;:&quot;classic&quot;}\">\n\t\t\t<div class=\"elementor-widget-wrap elementor-element-populated\">\n\t\t\t\t\t\t<div class=\"elementor-element elementor-element-6e3fc64 elementor-align-center elementor-widget__width-auto elementor-widget elementor-widget-button\" data-id=\"6e3fc64\" data-element_type=\"widget\" data-e-type=\"widget\" data-widget_type=\"button.default\">\n\t\t\t\t<div class=\"elementor-widget-container\">\n\t\t\t\t\t\t\t\t\t<div class=\"elementor-button-wrapper\">\n\t\t\t\t\t<a class=\"elementor-button elementor-button-link elementor-size-md\" href=\"\/wp-content\/uploads\/2025\/07\/Valeur-Nutritive-Fra.pdf\" target=\"_blank\">\n\t\t\t\t\t\t<span class=\"elementor-button-content-wrapper\">\n\t\t\t\t\t\t\t\t\t<span class=\"elementor-button-text\">Valeur Nutritive<\/span>\n\t\t\t\t\t<\/span>\n\t\t\t\t\t<\/a>\n\t\t\t\t<\/div>\n\t\t\t\t\t\t\t\t<\/div>\n\t\t\t\t<\/div>\n\t\t\t\t<div class=\"elementor-element elementor-element-2cedfa7 elementor-align-center elementor-widget__width-auto elementor-widget elementor-widget-button\" data-id=\"2cedfa7\" data-element_type=\"widget\" data-e-type=\"widget\" data-widget_type=\"button.default\">\n\t\t\t\t<div class=\"elementor-widget-container\">\n\t\t\t\t\t\t\t\t\t<div class=\"elementor-button-wrapper\">\n\t\t\t\t\t<a class=\"elementor-button elementor-button-link elementor-size-md\" href=\"\/wp-content\/uploads\/2025\/07\/PDF_LaDiperie-Allergen-Information-2024_BIL.pdf\" target=\"_blank\">\n\t\t\t\t\t\t<span class=\"elementor-button-content-wrapper\">\n\t\t\t\t\t\t\t\t\t<span class=\"elementor-button-text\">Allerg\u00e8nes<\/span>\n\t\t\t\t\t<\/span>\n\t\t\t\t\t<\/a>\n\t\t\t\t<\/div>\n\t\t\t\t\t\t\t\t<\/div>\n\t\t\t\t<\/div>\n\t\t\t\t\t<\/div>\n\t\t<\/div>\n\t\t\t\t<div class=\"elementor-column elementor-col-25 elementor-inner-column elementor-element elementor-element-9c9b11b\" data-id=\"9c9b11b\" data-element_type=\"column\" data-e-type=\"column\">\n\t\t\t<div class=\"elementor-widget-wrap\">\n\t\t\t\t\t\t\t<\/div>\n\t\t<\/div>\n\t\t\t\t<div class=\"elementor-column elementor-col-25 elementor-inner-column elementor-element elementor-element-9fe03a5\" data-id=\"9fe03a5\" data-element_type=\"column\" data-e-type=\"column\">\n\t\t\t<div class=\"elementor-widget-wrap\">\n\t\t\t\t\t\t\t<\/div>\n\t\t<\/div>\n\t\t\t\t\t<\/div>\n\t\t<\/section>\n\t\t\t\t\t<\/div>\n\t\t<\/div>\n\t\t\t\t\t<\/div>\n\t\t<\/section>\n\t\t\t\t<\/div>\n\t\t","protected":false},"excerpt":{"rendered":"<p>Retour GAUFRES Oui, nous assurons la livraison. Savourez les d\u00e9lices de la Diperie \u00e0 tout moment ! Commandez ici Informations compl\u00e9mentaires Valeur Nutritive Allerg\u00e8nes<\/p>\n","protected":false},"author":1,"featured_media":0,"parent":0,"menu_order":0,"comment_status":"closed","ping_status":"closed","template":"","meta":{"footnotes":""},"class_list":["post-6577","page","type-page","status-publish","hentry"],"_links":{"self":[{"href":"https:\/\/ladiperie.com\/fr\/wp-json\/wp\/v2\/pages\/6577","targetHints":{"allow":["GET"]}}],"collection":[{"href":"https:\/\/ladiperie.com\/fr\/wp-json\/wp\/v2\/pages"}],"about":[{"href":"https:\/\/ladiperie.com\/fr\/wp-json\/wp\/v2\/types\/page"}],"author":[{"embeddable":true,"href":"https:\/\/ladiperie.com\/fr\/wp-json\/wp\/v2\/users\/1"}],"replies":[{"embeddable":true,"href":"https:\/\/ladiperie.com\/fr\/wp-json\/wp\/v2\/comments?post=6577"}],"version-history":[{"count":0,"href":"https:\/\/ladiperie.com\/fr\/wp-json\/wp\/v2\/pages\/6577\/revisions"}],"wp:attachment":[{"href":"https:\/\/ladiperie.com\/fr\/wp-json\/wp\/v2\/media?parent=6577"}],"curies":[{"name":"wp","href":"https:\/\/api.w.org\/{rel}","templated":true}]}}